{"id":2463,"date":"2025-10-07T13:49:32","date_gmt":"2025-10-07T17:49:32","guid":{"rendered":"https:\/\/curbelolaw.com\/?page_id=2463"},"modified":"2026-03-22T14:27:11","modified_gmt":"2026-03-22T18:27:11","slug":"abogada-carolina-t-curbelo","status":"publish","type":"page","link":"https:\/\/curbelolaw.com\/es\/abogada-carolina-t-curbelo\/","title":{"rendered":"Abogada Carolina T. Curbelo"},"content":{"rendered":"\n<div class=\"wp-block-columns are-vertically-aligned-top is-layout-flex wp-container-core-columns-is-layout-a0017d07 wp-block-columns-is-layout-flex\">\n<div class=\"wp-block-column is-vertically-aligned-top is-layout-flow wp-block-column-is-layout-flow\" style=\"flex-basis:34%\">\n<div class=\"wp-block-group has-border-color has-background\" style=\"border-color:#e9dfd2;border-width:1px;border-radius:20px;background-color:#fbf8f4;padding-top:28px;padding-right:28px;padding-bottom:28px;padding-left:28px\"><div class=\"wp-block-group__inner-container is-layout-constrained wp-container-core-group-is-layout-535361e1 wp-block-group-is-layout-constrained\">\n<figure class=\"wp-block-image size-full has-custom-border is-style-rounded\"><img fetchpriority=\"high\" decoding=\"async\" width=\"330\" height=\"275\" src=\"https:\/\/curbelolaw.com\/wp-content\/uploads\/2021\/10\/attorney-carolina-t-curbelo.jpg\" alt=\"Abogada Carolina T. Curbelo\" class=\"wp-image-894\" style=\"border-radius:18px\" srcset=\"https:\/\/curbelolaw.com\/wp-content\/uploads\/2021\/10\/attorney-carolina-t-curbelo.jpg 330w, https:\/\/curbelolaw.com\/wp-content\/uploads\/2021\/10\/attorney-carolina-t-curbelo-300x250.jpg 300w\" sizes=\"(max-width: 330px) 100vw, 330px\" \/><\/figure>\n\n\n\n<h2 class=\"wp-block-heading has-text-align-center has-text-color has-link-color wp-elements-8422ccd74c47757d0079dbb27c932c20\" style=\"color:#1e3345;font-size:32px;font-weight:700;line-height:1.15\">Carolina T. Curbelo, Esq.<\/h2>\n\n\n\n<p class=\"has-text-align-center has-text-color\" style=\"color:#dca75d;font-size:18px;font-weight:600;line-height:1.35\">Abogada de inmigraci\u00f3n y bienes ra\u00edces<\/p>\n\n\n\n<p class=\"has-text-align-center has-text-color\" style=\"color:#5f6b76;font-size:15px;line-height:1.5\">Fundadora, The Law Office of Carolina T. Curbelo, LLC<br>Ridgewood, Nueva Jersey<\/p>\n\n\n\n<hr class=\"wp-block-separator has-text-color has-alpha-channel-opacity has-background\" style=\"margin-top:6px;margin-bottom:6px;background-color:#e9dfd2;color:#e9dfd2\"\/>\n\n\n\n<div class=\"wp-block-buttons is-content-justification-center is-layout-flex wp-container-core-buttons-is-layout-16018d1d wp-block-buttons-is-layout-flex\">\n<div class=\"wp-block-button has-custom-width wp-block-button__width-85\"><a class=\"wp-block-button__link has-text-color has-background has-custom-font-size wp-element-button\" href=\"https:\/\/curbelolaw.com\/es\/contacto\/\" style=\"border-radius:999px;color:#ffffff;background-color:#1e3345;padding-top:15px;padding-right:24px;padding-bottom:15px;padding-left:24px;font-size:15px;font-weight:600\">Reserve su consulta<\/a><\/div>\n<\/div>\n\n\n\n<div style=\"height:24px\" aria-hidden=\"true\" class=\"wp-block-spacer\"><\/div>\n\n\n\n<div class=\"wp-block-group has-border-color has-background\" style=\"border-color:#e9dfd2;border-width:1px;border-radius:16px;background-color:#ffffff;padding-top:18px;padding-right:18px;padding-bottom:18px;padding-left:18px\"><div class=\"wp-block-group__inner-container is-layout-constrained wp-container-core-group-is-layout-807400c4 wp-block-group-is-layout-constrained\">\n<h3 class=\"wp-block-heading has-text-color\" style=\"color:#1e3345;font-size:18px;font-weight:700\">Membres\u00edas profesionales<\/h3>\n\n\n\n<ul style=\"color:#334155;padding-left:1.2em;font-size:15px;line-height:1.7\" class=\"wp-block-list has-text-color\">\n<li>Asociaci\u00f3n Americana de Abogados de Inmigraci\u00f3n (<a href=\"https:\/\/www.aila.org\/\" target=\"_blank\" rel=\"noreferrer noopener\">AILA<\/a>)<\/li>\n\n\n\n<li>Asociaci\u00f3n de Abogados Hispanos de Nueva Jersey (<a href=\"https:\/\/www.njhba.org\/\" target=\"_blank\" rel=\"noreferrer noopener\">HBA-NJ<\/a>)<\/li>\n\n\n\n<li>Asociaci\u00f3n de Abogados del Estado de Nueva Jersey (<a href=\"https:\/\/njsba.com\/\" target=\"_blank\" rel=\"noreferrer noopener\">NJSBA<\/a>)<\/li>\n\n\n\n<li>Asociaci\u00f3n Nacional de Profesionales Hispanos de Bienes Ra\u00edces (<a href=\"https:\/\/nahrep.org\/\" target=\"_blank\" rel=\"noreferrer noopener\">NAHREP<\/a>)<\/li>\n<\/ul>\n<\/div><\/div>\n\n\n\n<div style=\"height:24px\" aria-hidden=\"true\" class=\"wp-block-spacer\"><\/div>\n\n\n\n<div class=\"wp-block-group has-border-color has-background\" style=\"border-color:#e9dfd2;border-width:1px;border-radius:16px;background-color:#ffffff;padding-top:18px;padding-right:18px;padding-bottom:18px;padding-left:18px\"><div class=\"wp-block-group__inner-container is-layout-constrained wp-container-core-group-is-layout-807400c4 wp-block-group-is-layout-constrained\">\n<h3 class=\"wp-block-heading has-text-color\" style=\"color:#1e3345;font-size:18px;font-weight:700\">Admisiones<\/h3>\n\n\n\n<ul style=\"color:#334155;padding-left:1.2em;font-size:15px;line-height:1.7\" class=\"wp-block-list has-text-color\">\n<li>Nueva Jersey<\/li>\n\n\n\n<li>Tribunal de Distrito de los Estados Unidos para el Distrito de Nueva Jersey<\/li>\n\n\n\n<li>Tribunal de Apelaciones del Tercer Circuito<\/li>\n\n\n\n<li>Tribunal Supremo de los Estados Unidos<\/li>\n<\/ul>\n<\/div><\/div>\n\n\n\n<div style=\"height:24px\" aria-hidden=\"true\" class=\"wp-block-spacer\"><\/div>\n\n\n\n<!-- begin super lawyers badge -->\n<div style=\"display:flex; justify-content:center; margin-top:8px;\">\n  <div data-slbadge=\"v2-slbadge-gray\" data-text1=\"Seleccionada en 2026\" style=\"width:180px;height:150px;border-radius:12px;font-family:arial, sans-serif;color:gray;text-align:center\">\n    <script async type=\"text\/javascript\" src=\"https:\/\/www.superlawyers.com\/static\/sl-badge\/v2\/load.min.js\"><\/script>\n    <a class=\"slbadge_profileurl\" title=\"Ver el perfil de la abogada de inmigraci\u00f3n en Nueva Jersey Carolina Curbelo\" href=\"https:\/\/profiles.superlawyers.com\/new-jersey\/ridgewood\/lawyer\/carolina-curbelo\/50b54bf6-c76b-4f56-836b-d031b565a2f1.html\" target=\"_blank\" rel=\"noopener\">Carolina Curbelo<\/a>\n    <div style=\"margin-top:6px\">Reconocida por Super Lawyers<br\/><br\/><br\/>cargando &#8230;<\/div>\n  <\/div>\n<\/div>\n<!-- end super lawyers badge -->\n<\/div><\/div>\n<\/div>\n\n\n\n<div class=\"wp-block-column is-vertically-aligned-top is-layout-flow wp-block-column-is-layout-flow\" style=\"flex-basis:66%\">\n<div class=\"wp-block-group\" style=\"padding-top:8px;padding-bottom:8px\"><div class=\"wp-block-group__inner-container is-layout-constrained wp-block-group-is-layout-constrained\">\n<p class=\"has-text-color\" style=\"color:#334155;font-size:18px;line-height:1.8\">Carolina T. Curbelo es la fundadora y abogada principal de The Law Office of Carolina T. Curbelo, LLC, un despacho especializado y biling\u00fce con sede en Ridgewood, Nueva Jersey, enfocado en inmigraci\u00f3n y bienes ra\u00edces.<\/p>\n\n\n\n<h3 class=\"wp-block-heading has-text-color\" style=\"color:#1e3345;margin-top:24px;margin-bottom:4px;font-size:24px;font-weight:700\">Un compromiso personal con el servicio<\/h3>\n\n\n\n<p class=\"has-text-color\" style=\"color:#334155;font-size:17px;line-height:1.85\">Hija de refugiados que huyeron de la Cuba comunista tras el ascenso de Fidel Castro, Carolina creci\u00f3 profundamente consciente de los sacrificios que su familia hizo para reconstruir sus vidas en Estados Unidos. Sus padres y abuelos le inculcaron que la educaci\u00f3n es el \u201cpasaporte\u201d m\u00e1s genuino a la libertad y le ense\u00f1aron los valores de perseverancia, integridad y pensamiento independiente. Criada biling\u00fce en ingl\u00e9s y espa\u00f1ol, Carolina desarroll\u00f3 no solo fluidez en ambos idiomas, sino tambi\u00e9n una s\u00f3lida conciencia cultural y geopol\u00edtica, fomentada por las discusiones familiares nocturnas sobre las relaciones entre EE. UU. y Cuba y los asuntos internacionales.<\/p>\n\n\n\n<p class=\"has-text-color\" style=\"color:#334155;font-size:17px;line-height:1.85\">En su etapa universitaria, Carolina trabaj\u00f3 junto a su t\u00eda, corredora de bienes ra\u00edces en el \u00e1rea de Elizabeth\/Newark, donde fue testigo de las inequidades sist\u00e9micas que enfrentaban los compradores de vivienda de color en la d\u00e9cada de 1990: desde pr\u00e1cticas crediticias discriminatorias hasta barreras idiom\u00e1ticas y la falta de representaci\u00f3n legal. Estas primeras experiencias moldearon su compromiso de por vida con el empoderamiento de comunidades inmigrantes y desatendidas.<\/p>\n\n\n\n<p class=\"has-text-color\" style=\"color:#334155;font-size:17px;line-height:1.85\">Hoy, el trabajo de Carolina refleja esa misi\u00f3n. Su firma ayuda a clientes a alcanzar ambos pilares del Sue\u00f1o Americano: asegurar un estatus migratorio legal y adquirir vivienda propia o invertir en bienes ra\u00edces.<\/p>\n\n\n\n<h3 class=\"wp-block-heading has-text-color\" style=\"color:#1e3345;margin-top:24px;margin-bottom:4px;font-size:24px;font-weight:700\">Pr\u00e1ctica en derecho de inmigraci\u00f3n<\/h3>\n\n\n\n<p class=\"has-text-color\" style=\"color:#334155;font-size:17px;line-height:1.85\">En su pr\u00e1ctica de inmigraci\u00f3n, Carolina representa a clientes ante los Servicios de Ciudadan\u00eda e Inmigraci\u00f3n de EE. UU. (USCIS) y los Tribunales de Inmigraci\u00f3n en asuntos que incluyen <a href=\"https:\/\/curbelolaw.com\/es\/peticion-de-familiares-a-estados-unidos\/\">peticiones familiares a EE. UU.<\/a>, naturalizaci\u00f3n y alivio humanitario como <a href=\"https:\/\/curbelolaw.com\/es\/estatus-especial-de-inmigrante-juvenil\/\">Estatus Especial de Inmigrante Juvenil (SIJS)<\/a>, <a href=\"https:\/\/curbelolaw.com\/es\/que-es-la-visa-u\/\">visas U<\/a> (v\u00edctimas de delito), <a href=\"https:\/\/curbelolaw.com\/es\/que-es-la-visa-t\/\">visas T<\/a> (sobrevivientes de <a href=\"https:\/\/curbelolaw.com\/es\/que-es-la-trata-y-trafico-de-personas\/\">trata y tr\u00e1fico de personas<\/a>) y <a href=\"https:\/\/curbelolaw.com\/es\/que-es-la-visa-vawa\/\">casos VAWA<\/a>. Tambi\u00e9n cuenta con amplia experiencia en defensa contra la deportaci\u00f3n, incluyendo <a href=\"https:\/\/curbelolaw.com\/es\/como-solicitar-el-asilo-politico-en-estados-unidos\/\">asilo<\/a>, suspensi\u00f3n de expulsi\u00f3n, protecci\u00f3n bajo la Convenci\u00f3n contra la Tortura (CAT) y <a href=\"https:\/\/curbelolaw.com\/es\/cancelacion-de-deportacion-y-sus-beneficios\/\">cancelaci\u00f3n de deportaci\u00f3n<\/a>.<\/p>\n\n\n\n<h3 class=\"wp-block-heading has-text-color\" style=\"color:#1e3345;margin-top:24px;margin-bottom:4px;font-size:24px;font-weight:700\">Inmigraci\u00f3n empresarial y basada en empleo<\/h3>\n\n\n\n<p class=\"has-text-color\" style=\"color:#334155;font-size:17px;line-height:1.85\">Adem\u00e1s, Carolina asesora a propietarios de peque\u00f1as empresas, profesionales e inversionistas en inmigraci\u00f3n de negocios y basada en empleo, incluyendo E-1 (Comerciante por Tratado), E-2 (Inversionista por Tratado), EB-3 (Trabajadores calificados y profesionales), <a href=\"https:\/\/curbelolaw.com\/es\/visa-tipo-o\/\">O-1 (Personas con habilidades extraordinarias)<\/a>, <a href=\"https:\/\/curbelolaw.com\/es\/que-es-una-visa-tipo-r\/\">R (Trabajadores religiosos)<\/a> y <a href=\"https:\/\/curbelolaw.com\/es\/visa-tn-para-mexicanos-y-canadienses\/\">TN<\/a> (Profesionales NAFTA\/USMCA), as\u00ed como estrategias para pasar de estancias temporales a residencia permanente por patrocinio laboral o de inversi\u00f3n.<\/p>\n\n\n\n<h3 class=\"wp-block-heading has-text-color\" style=\"color:#1e3345;margin-top:24px;margin-bottom:4px;font-size:24px;font-weight:700\">Representaci\u00f3n en bienes ra\u00edces<\/h3>\n\n\n\n<p class=\"has-text-color\" style=\"color:#334155;font-size:17px;line-height:1.85\">En su pr\u00e1ctica de bienes ra\u00edces, Carolina representa a compradores, vendedores e inversionistas en transacciones residenciales, comerciales y de condominios, adem\u00e1s de a propietarios en dificultades que enfrentan <a href=\"https:\/\/curbelolaw.com\/es\/abogados-especialistas-en-ejecuciones-hipotecarias\/\">ejecuci\u00f3n hipotecaria en NJ<\/a> y ventas al descubierto (short sales). Su formaci\u00f3n biling\u00fce y bicultural le permite atender a una clientela diversa con empat\u00eda, precisi\u00f3n y un entendimiento profundo de sus retos particulares.<\/p>\n\n\n\n<h3 class=\"wp-block-heading has-text-color\" style=\"color:#1e3345;margin-top:24px;margin-bottom:4px;font-size:24px;font-weight:700\">Alcance comunitario y educaci\u00f3n<\/h3>\n\n\n\n<p class=\"has-text-color\" style=\"color:#334155;font-size:17px;line-height:1.85\">M\u00e1s all\u00e1 de su pr\u00e1ctica, Carolina participa activamente en alcance comunitario y educaci\u00f3n p\u00fablica. Con frecuencia ofrece charlas de \u201cConozca sus derechos\u201d, sesiones informativas de inmigraci\u00f3n y <a href=\"https:\/\/curbelolaw.com\/es\/ayuda-para-primeros-compradores-de-casa\/\">seminarios para compradores de vivienda por primera vez<\/a>, brindando a individuos y familias la informaci\u00f3n necesaria para tomar decisiones informadas sobre su futuro.<\/p>\n\n\n\n<h3 class=\"wp-block-heading has-text-color\" style=\"color:#1e3345;margin-top:24px;margin-bottom:4px;font-size:24px;font-weight:700\">Formaci\u00f3n y experiencia judicial<\/h3>\n\n\n\n<p class=\"has-text-color\" style=\"color:#334155;font-size:17px;line-height:1.85\">Carolina obtuvo su Juris Doctor en Vermont Law School. Realiz\u00f3 una pasant\u00eda con el Hon. Jos\u00e9 L. Linares, del Tribunal de Distrito de los Estados Unidos para el Distrito de Nueva Jersey, y posteriormente fue asistente jur\u00eddica del Hon. Joseph S. Conte, J.S.C., en la Divisi\u00f3n Civil del Condado de Bergen.<\/p>\n\n\n\n<h3 class=\"wp-block-heading has-text-color\" style=\"color:#1e3345;margin-top:24px;margin-bottom:4px;font-size:24px;font-weight:700\">Liderazgo en la comunidad jur\u00eddica<\/h3>\n\n\n\n<p class=\"has-text-color\" style=\"color:#334155;font-size:17px;line-height:1.85\">L\u00edder activa en la comunidad jur\u00eddica, Carolina ha colaborado con organizaciones como Kids in Need of Defense (KIND), Latin American Legal and Educational Fund (LALDEF) y Northeast New Jersey Legal Services. Actualmente forma parte del Comit\u00e9 Ejecutivo de la American Immigration Lawyers Association \u2013 Cap\u00edtulo Nueva Jersey (AILA-NJ) como Presidenta del Cap\u00edtulo.<\/p>\n<\/div><\/div>\n<\/div>\n<\/div>\n","protected":false},"excerpt":{"rendered":"<p>Carolina T. Curbelo, Esq. Abogada de inmigraci\u00f3n y bienes ra\u00edces Fundadora, The Law Office of Carolina T. Curbelo, LLCRidgewood, Nueva Jersey Membres\u00edas profesionales Admisiones Carolina Curbelo Reconocida por Super Lawyers cargando &#8230; Carolina T. Curbelo es la fundadora y abogada principal de The Law Office of Carolina T. Curbelo, LLC, un despacho especializado y biling\u00fce [&hellip;]<\/p>\n","protected":false},"author":2,"featured_media":0,"parent":0,"menu_order":0,"comment_status":"closed","ping_status":"closed","template":"","meta":{"ocean_post_layout":"","ocean_both_sidebars_style":"","ocean_both_sidebars_content_width":0,"ocean_both_sidebars_sidebars_width":0,"ocean_sidebar":"0","ocean_second_sidebar":"0","ocean_disable_margins":"enable","ocean_add_body_class":"","ocean_shortcode_before_top_bar":"","ocean_shortcode_after_top_bar":"","ocean_shortcode_before_header":"","ocean_shortcode_after_header":"","ocean_has_shortcode":"","ocean_shortcode_after_title":"","ocean_shortcode_before_footer_widgets":"","ocean_shortcode_after_footer_widgets":"","ocean_shortcode_before_footer_bottom":"","ocean_shortcode_after_footer_bottom":"","ocean_display_top_bar":"default","ocean_display_header":"default","ocean_header_style":"","ocean_center_header_left_menu":"0","ocean_custom_header_template":"0","ocean_custom_logo":0,"ocean_custom_retina_logo":0,"ocean_custom_logo_max_width":0,"ocean_custom_logo_tablet_max_width":0,"ocean_custom_logo_mobile_max_width":0,"ocean_custom_logo_max_height":0,"ocean_custom_logo_tablet_max_height":0,"ocean_custom_logo_mobile_max_height":0,"ocean_header_custom_menu":"0","ocean_menu_typo_font_family":"0","ocean_menu_typo_font_subset":"","ocean_menu_typo_font_size":0,"ocean_menu_typo_font_size_tablet":0,"ocean_menu_typo_font_size_mobile":0,"ocean_menu_typo_font_size_unit":"px","ocean_menu_typo_font_weight":"","ocean_menu_typo_font_weight_tablet":"","ocean_menu_typo_font_weight_mobile":"","ocean_menu_typo_transform":"","ocean_menu_typo_transform_tablet":"","ocean_menu_typo_transform_mobile":"","ocean_menu_typo_line_height":0,"ocean_menu_typo_line_height_tablet":0,"ocean_menu_typo_line_height_mobile":0,"ocean_menu_typo_line_height_unit":"","ocean_menu_typo_spacing":0,"ocean_menu_typo_spacing_tablet":0,"ocean_menu_typo_spacing_mobile":0,"ocean_menu_typo_spacing_unit":"","ocean_menu_link_color":"","ocean_menu_link_color_hover":"","ocean_menu_link_color_active":"","ocean_menu_link_background":"","ocean_menu_link_hover_background":"","ocean_menu_link_active_background":"","ocean_menu_social_links_bg":"","ocean_menu_social_hover_links_bg":"","ocean_menu_social_links_color":"","ocean_menu_social_hover_links_color":"","ocean_disable_title":"default","ocean_disable_heading":"default","ocean_post_title":"","ocean_post_subheading":"","ocean_post_title_style":"","ocean_post_title_background_color":"","ocean_post_title_background":0,"ocean_post_title_bg_image_position":"","ocean_post_title_bg_image_attachment":"","ocean_post_title_bg_image_repeat":"","ocean_post_title_bg_image_size":"","ocean_post_title_height":0,"ocean_post_title_bg_overlay":0.5,"ocean_post_title_bg_overlay_color":"","ocean_disable_breadcrumbs":"default","ocean_breadcrumbs_color":"","ocean_breadcrumbs_separator_color":"","ocean_breadcrumbs_links_color":"","ocean_breadcrumbs_links_hover_color":"","ocean_display_footer_widgets":"default","ocean_display_footer_bottom":"default","ocean_custom_footer_template":"0","footnotes":""},"class_list":["post-2463","page","type-page","status-publish","hentry","entry"],"_links":{"self":[{"href":"https:\/\/curbelolaw.com\/es\/wp-json\/wp\/v2\/pages\/2463","targetHints":{"allow":["GET"]}}],"collection":[{"href":"https:\/\/curbelolaw.com\/es\/wp-json\/wp\/v2\/pages"}],"about":[{"href":"https:\/\/curbelolaw.com\/es\/wp-json\/wp\/v2\/types\/page"}],"author":[{"embeddable":true,"href":"https:\/\/curbelolaw.com\/es\/wp-json\/wp\/v2\/users\/2"}],"replies":[{"embeddable":true,"href":"https:\/\/curbelolaw.com\/es\/wp-json\/wp\/v2\/comments?post=2463"}],"version-history":[{"count":4,"href":"https:\/\/curbelolaw.com\/es\/wp-json\/wp\/v2\/pages\/2463\/revisions"}],"predecessor-version":[{"id":10896,"href":"https:\/\/curbelolaw.com\/es\/wp-json\/wp\/v2\/pages\/2463\/revisions\/10896"}],"wp:attachment":[{"href":"https:\/\/curbelolaw.com\/es\/wp-json\/wp\/v2\/media?parent=2463"}],"curies":[{"name":"wp","href":"https:\/\/api.w.org\/{rel}","templated":true}]}}