{"id":2468,"date":"2021-11-02T00:58:57","date_gmt":"2021-11-02T00:58:57","guid":{"rendered":"https:\/\/curbelolaw.com\/?page_id=2468"},"modified":"2026-03-24T11:04:15","modified_gmt":"2026-03-24T15:04:15","slug":"sobre-nosotros","status":"publish","type":"page","link":"https:\/\/curbelolaw.com\/es\/sobre-nosotros\/","title":{"rendered":"Sobre Nosotros"},"content":{"rendered":"\n<div class=\"wp-block-columns alignwide are-vertically-aligned-center is-layout-flex wp-container-core-columns-is-layout-a0017d07 wp-block-columns-is-layout-flex\">\n<div class=\"wp-block-column is-vertically-aligned-center is-layout-flow wp-block-column-is-layout-flow\" style=\"flex-basis:42%\">\n<div class=\"wp-block-group has-border-color has-background\" style=\"border-color:#e9dfd2;border-width:1px;border-radius:20px;background-color:#fbf8f4;padding-top:24px;padding-right:24px;padding-bottom:24px;padding-left:24px\"><div class=\"wp-block-group__inner-container is-layout-constrained wp-container-core-group-is-layout-5773cda6 wp-block-group-is-layout-constrained\">\n<figure class=\"wp-block-image size-large has-custom-border\"><img fetchpriority=\"high\" decoding=\"async\" width=\"683\" height=\"1024\" src=\"https:\/\/curbelolaw.com\/wp-content\/uploads\/2021\/11\/curbelo-law-bufete-nj-683x1024.jpg\" alt=\"Curbelo Law bufete de abogados en New Jersey\" class=\"wp-image-2469\" style=\"border-radius:18px\" srcset=\"https:\/\/curbelolaw.com\/wp-content\/uploads\/2021\/11\/curbelo-law-bufete-nj-683x1024.jpg 683w, https:\/\/curbelolaw.com\/wp-content\/uploads\/2021\/11\/curbelo-law-bufete-nj-200x300.jpg 200w, https:\/\/curbelolaw.com\/wp-content\/uploads\/2021\/11\/curbelo-law-bufete-nj.jpg 700w\" sizes=\"(max-width: 683px) 100vw, 683px\" \/><\/figure>\n<\/div><\/div>\n<\/div>\n\n\n\n<div class=\"wp-block-column is-vertically-aligned-center is-layout-flow wp-block-column-is-layout-flow\" style=\"flex-basis:58%\">\n<div class=\"wp-block-group has-border-color has-background\" style=\"border-color:#e9dfd2;border-width:1px;border-radius:20px;background-color:#ffffff;padding-top:34px;padding-right:34px;padding-bottom:34px;padding-left:34px\"><div class=\"wp-block-group__inner-container is-layout-constrained wp-container-core-group-is-layout-c0a46c90 wp-block-group-is-layout-constrained\">\n<p class=\"has-text-color\" style=\"color:#dca75d;font-size:14px;font-weight:600;letter-spacing:1px;text-transform:uppercase\">Sobre nuestro bufete<\/p>\n\n\n\n<h2 class=\"wp-block-heading has-text-color\" style=\"color:#1e3345;font-size:40px;font-weight:700;line-height:1.15\">Curbelo Law<\/h2>\n\n\n\n<p class=\"has-text-color\" style=\"color:#5f6b76;font-size:18px;line-height:1.7\">Asesor\u00eda legal biling\u00fce en asuntos de inmigraci\u00f3n y bienes ra\u00edces desde Ridgewood, Nueva Jersey.<\/p>\n\n\n\n<hr class=\"wp-block-separator has-text-color has-alpha-channel-opacity has-background\" style=\"margin-top:8px;margin-bottom:8px;background-color:#e9dfd2;color:#e9dfd2\"\/>\n\n\n\n<p class=\"has-text-color\" style=\"color:#334155;font-size:18px;line-height:1.85\">Curbelo Law fue fundada por <a href=\"https:\/\/curbelolaw.com\/es\/abogada-carolina-t-curbelo\/\">Carolina T. Curbelo<\/a>, una abogada con m\u00e1s de una d\u00e9cada de experiencia en derecho de inmigraci\u00f3n y bienes ra\u00edces. Nuestra firma biling\u00fce tiene su sede en Ridgewood, Nueva Jersey; sin embargo, Carolina ha trabajado con clientes de todo el mundo.<\/p>\n\n\n\n<p class=\"has-text-color\" style=\"color:#334155;font-size:17px;line-height:1.85\">Ya sea que est\u00e9 buscando obtener un estatus migratorio mientras se encuentra en Estados Unidos o a trav\u00e9s de su consulado o embajada en el extranjero, podemos guiarlo h\u00e1bilmente durante todo el proceso.<\/p>\n\n\n\n<p class=\"has-text-color\" style=\"color:#334155;font-size:17px;line-height:1.85\">Nuestra pr\u00e1ctica de bienes ra\u00edces residenciales y comerciales en Nueva Jersey ofrece asesor\u00eda y asistencia r\u00e1pidas y bien fundamentadas a compradores y vendedores de viviendas, as\u00ed como a inversionistas inmobiliarios.<\/p>\n\n\n\n<div style=\"height:10px\" aria-hidden=\"true\" class=\"wp-block-spacer\"><\/div>\n\n\n\n<div class=\"wp-block-buttons is-content-justification-left is-layout-flex wp-container-core-buttons-is-layout-fdcfc74e wp-block-buttons-is-layout-flex\">\n<div class=\"wp-block-button has-custom-width wp-block-button__width-70\"><a class=\"wp-block-button__link has-text-color has-background has-custom-font-size wp-element-button\" href=\"https:\/\/curbelolaw.com\/es\/contacto\/\" style=\"border-radius:999px;color:#ffffff;background-color:#1e3345;padding-top:15px;padding-right:24px;padding-bottom:15px;padding-left:24px;font-size:15px;font-weight:600\">Reserve su consulta<\/a><\/div>\n<\/div>\n<\/div><\/div>\n<\/div>\n<\/div>\n","protected":false},"excerpt":{"rendered":"<p>Sobre nuestro bufete Curbelo Law Asesor\u00eda legal biling\u00fce en asuntos de inmigraci\u00f3n y bienes ra\u00edces desde Ridgewood, Nueva Jersey. Curbelo Law fue fundada por Carolina T. Curbelo, una abogada con m\u00e1s de una d\u00e9cada de experiencia en derecho de inmigraci\u00f3n y bienes ra\u00edces. Nuestra firma biling\u00fce tiene su sede en Ridgewood, Nueva Jersey; sin embargo, [&hellip;]<\/p>\n","protected":false},"author":2,"featured_media":0,"parent":0,"menu_order":0,"comment_status":"closed","ping_status":"closed","template":"","meta":{"ocean_post_layout":"","ocean_both_sidebars_style":"","ocean_both_sidebars_content_width":0,"ocean_both_sidebars_sidebars_width":0,"ocean_sidebar":"0","ocean_second_sidebar":"0","ocean_disable_margins":"enable","ocean_add_body_class":"","ocean_shortcode_before_top_bar":"","ocean_shortcode_after_top_bar":"","ocean_shortcode_before_header":"","ocean_shortcode_after_header":"","ocean_has_shortcode":"","ocean_shortcode_after_title":"","ocean_shortcode_before_footer_widgets":"","ocean_shortcode_after_footer_widgets":"","ocean_shortcode_before_footer_bottom":"","ocean_shortcode_after_footer_bottom":"","ocean_display_top_bar":"default","ocean_display_header":"default","ocean_header_style":"","ocean_center_header_left_menu":"0","ocean_custom_header_template":"0","ocean_custom_logo":0,"ocean_custom_retina_logo":0,"ocean_custom_logo_max_width":0,"ocean_custom_logo_tablet_max_width":0,"ocean_custom_logo_mobile_max_width":0,"ocean_custom_logo_max_height":0,"ocean_custom_logo_tablet_max_height":0,"ocean_custom_logo_mobile_max_height":0,"ocean_header_custom_menu":"0","ocean_menu_typo_font_family":"0","ocean_menu_typo_font_subset":"","ocean_menu_typo_font_size":0,"ocean_menu_typo_font_size_tablet":0,"ocean_menu_typo_font_size_mobile":0,"ocean_menu_typo_font_size_unit":"px","ocean_menu_typo_font_weight":"","ocean_menu_typo_font_weight_tablet":"","ocean_menu_typo_font_weight_mobile":"","ocean_menu_typo_transform":"","ocean_menu_typo_transform_tablet":"","ocean_menu_typo_transform_mobile":"","ocean_menu_typo_line_height":0,"ocean_menu_typo_line_height_tablet":0,"ocean_menu_typo_line_height_mobile":0,"ocean_menu_typo_line_height_unit":"","ocean_menu_typo_spacing":0,"ocean_menu_typo_spacing_tablet":0,"ocean_menu_typo_spacing_mobile":0,"ocean_menu_typo_spacing_unit":"","ocean_menu_link_color":"","ocean_menu_link_color_hover":"","ocean_menu_link_color_active":"","ocean_menu_link_background":"","ocean_menu_link_hover_background":"","ocean_menu_link_active_background":"","ocean_menu_social_links_bg":"","ocean_menu_social_hover_links_bg":"","ocean_menu_social_links_color":"","ocean_menu_social_hover_links_color":"","ocean_disable_title":"default","ocean_disable_heading":"default","ocean_post_title":"","ocean_post_subheading":"","ocean_post_title_style":"","ocean_post_title_background_color":"","ocean_post_title_background":0,"ocean_post_title_bg_image_position":"","ocean_post_title_bg_image_attachment":"","ocean_post_title_bg_image_repeat":"","ocean_post_title_bg_image_size":"","ocean_post_title_height":0,"ocean_post_title_bg_overlay":0.5,"ocean_post_title_bg_overlay_color":"","ocean_disable_breadcrumbs":"default","ocean_breadcrumbs_color":"","ocean_breadcrumbs_separator_color":"","ocean_breadcrumbs_links_color":"","ocean_breadcrumbs_links_hover_color":"","ocean_display_footer_widgets":"default","ocean_display_footer_bottom":"default","ocean_custom_footer_template":"0","footnotes":""},"class_list":["post-2468","page","type-page","status-publish","hentry","entry"],"_links":{"self":[{"href":"https:\/\/curbelolaw.com\/es\/wp-json\/wp\/v2\/pages\/2468","targetHints":{"allow":["GET"]}}],"collection":[{"href":"https:\/\/curbelolaw.com\/es\/wp-json\/wp\/v2\/pages"}],"about":[{"href":"https:\/\/curbelolaw.com\/es\/wp-json\/wp\/v2\/types\/page"}],"author":[{"embeddable":true,"href":"https:\/\/curbelolaw.com\/es\/wp-json\/wp\/v2\/users\/2"}],"replies":[{"embeddable":true,"href":"https:\/\/curbelolaw.com\/es\/wp-json\/wp\/v2\/comments?post=2468"}],"version-history":[{"count":7,"href":"https:\/\/curbelolaw.com\/es\/wp-json\/wp\/v2\/pages\/2468\/revisions"}],"predecessor-version":[{"id":11035,"href":"https:\/\/curbelolaw.com\/es\/wp-json\/wp\/v2\/pages\/2468\/revisions\/11035"}],"wp:attachment":[{"href":"https:\/\/curbelolaw.com\/es\/wp-json\/wp\/v2\/media?parent=2468"}],"curies":[{"name":"wp","href":"https:\/\/api.w.org\/{rel}","templated":true}]}}